{"id":144,"date":"2022-09-25T15:57:07","date_gmt":"2022-09-25T18:57:07","guid":{"rendered":"http:\/\/editorabebeta.com.br\/?page_id=144"},"modified":"2022-12-10T20:50:01","modified_gmt":"2022-12-10T23:50:01","slug":"serie-artesanal","status":"publish","type":"page","link":"https:\/\/editorabebeta.com.br\/?page_id=144","title":{"rendered":"S\u00e9rie Artesanal"},"content":{"rendered":"\n<p><\/p>\n\n\n<p><style>\/*! elementor - v3.7.7 - 20-09-2022 *\/<br \/>\n.elementor-widget-image{text-align:center}.elementor-widget-image a{display:inline-block}.elementor-widget-image a img[src$=\".svg\"]{width:48px}.elementor-widget-image img{vertical-align:middle;display:inline-block}<\/style>\n<\/p>\n<p><img loading=\"lazy\" decoding=\"async\" src=\"https:\/\/editorabebeta.com.br\/wp-content\/uploads\/2022\/09\/Assinatura_de_Machado_de_Assis.jpg\" sizes=\"auto, (max-width: 560px) 100vw, 560px\" srcset=\"https:\/\/editorabebeta.com.br\/wp-content\/uploads\/2022\/09\/Assinatura_de_Machado_de_Assis.jpg 560w, https:\/\/editorabebeta.com.br\/wp-content\/uploads\/2022\/09\/Assinatura_de_Machado_de_Assis-300x48.jpg 300w\" alt=\"\" width=\"560\" height=\"90\"><\/p>\n<p><\/p>\n<p><em>Mem\u00f3rias p\u00f3stumas de Br\u00e1s Cubas<\/em> \u00e9 o romance que inaugura o Realismo na literatura do Brasil. Lan\u00e7ado inicialmente no formato de folhetim na Revista Brasileira, foi publicado em livro em 1881, apresentando inova\u00e7\u00f5es que at\u00e9 hoje o mant\u00e9m na lista dos mais influentes romances nacionais. Narrado sem uma progress\u00e3o linear pelo \u201cdefunto autor\u201d Br\u00e1s Cubas, a obra ironiza a elite, satiriza a sociedade com humor e um indisfar\u00e7\u00e1vel pessimismo, que termina por ser estendido a todo o g\u00eanero humano. No balan\u00e7o final de sua vida, Br\u00e1s Cubas contabiliza o saldo a seu favor: \u201cN\u00e3o tive filhos, n\u00e3o transmiti a nenhuma criatura o legado da nossa mis\u00e9ria\u201d.<\/p>\n<p><img loading=\"lazy\" decoding=\"async\" src=\"https:\/\/editorabebeta.com.br\/wp-content\/uploads\/2022\/09\/Bras-576x1024.jpg\" sizes=\"auto, (max-width: 576px) 100vw, 576px\" srcset=\"https:\/\/editorabebeta.com.br\/wp-content\/uploads\/2022\/09\/Bras-576x1024.jpg 576w, https:\/\/editorabebeta.com.br\/wp-content\/uploads\/2022\/09\/Bras-169x300.jpg 169w, https:\/\/editorabebeta.com.br\/wp-content\/uploads\/2022\/09\/Bras-768x1365.jpg 768w, https:\/\/editorabebeta.com.br\/wp-content\/uploads\/2022\/09\/Bras-864x1536.jpg 864w, https:\/\/editorabebeta.com.br\/wp-content\/uploads\/2022\/09\/Bras-1152x2048.jpg 1152w, https:\/\/editorabebeta.com.br\/wp-content\/uploads\/2022\/09\/Bras-scaled.jpg 1440w\" alt=\"\" width=\"576\" height=\"1024\"><br><img loading=\"lazy\" decoding=\"async\" src=\"https:\/\/editorabebeta.com.br\/wp-content\/uploads\/2022\/09\/images.jpg\" alt=\"\" width=\"139\" height=\"139\"><br><img loading=\"lazy\" decoding=\"async\" src=\"https:\/\/editorabebeta.com.br\/wp-content\/uploads\/2022\/09\/Aut.-Lima-Barrreto.jpg\" sizes=\"auto, (max-width: 355px) 100vw, 355px\" srcset=\"https:\/\/editorabebeta.com.br\/wp-content\/uploads\/2022\/09\/Aut.-Lima-Barrreto.jpg 355w, https:\/\/editorabebeta.com.br\/wp-content\/uploads\/2022\/09\/Aut.-Lima-Barrreto-300x172.jpg 300w\" alt=\"\" width=\"355\" height=\"203\"><br><img loading=\"lazy\" decoding=\"async\" src=\"https:\/\/editorabebeta.com.br\/wp-content\/uploads\/2022\/09\/frontal-LB-576x1024.jpg\" sizes=\"auto, (max-width: 576px) 100vw, 576px\" srcset=\"https:\/\/editorabebeta.com.br\/wp-content\/uploads\/2022\/09\/frontal-LB-576x1024.jpg 576w, https:\/\/editorabebeta.com.br\/wp-content\/uploads\/2022\/09\/frontal-LB-169x300.jpg 169w, https:\/\/editorabebeta.com.br\/wp-content\/uploads\/2022\/09\/frontal-LB-768x1365.jpg 768w, https:\/\/editorabebeta.com.br\/wp-content\/uploads\/2022\/09\/frontal-LB-864x1536.jpg 864w, https:\/\/editorabebeta.com.br\/wp-content\/uploads\/2022\/09\/frontal-LB-1152x2048.jpg 1152w, https:\/\/editorabebeta.com.br\/wp-content\/uploads\/2022\/09\/frontal-LB-rotated.jpg 1440w\" alt=\"\" width=\"576\" height=\"1024\"><\/p>\n<p><em>&nbsp;<\/em><\/p>\n<p><em>Triste fim de Policarpo Quaresma<\/em> \u00e9 uma das principais obras do chamado Pr\u00e9-modernismo brasileiro. Publicado em 1911 como folhetim no Jornal do Commercio, di\u00e1rio do Rio de Janeiro, s\u00f3 apareceu em livro quatro anos depois em uma edi\u00e7\u00e3o paga pelo pr\u00f3prio autor. A saga tragic\u00f4mica do ing\u00eanuo nacionalista Quaresma escancara a frustra\u00e7\u00e3o da expectativa de que o advento da Rep\u00fablica gerasse um pa\u00eds mais justo, mais \u00e9tico, mais igualit\u00e1rio e solid\u00e1rio, com uma classe de poderosos menos mesquinha e predat\u00f3ria. O romance se passa nos anos de governo do Marechal Floriano Peixoto (1891-94) e abrange o epis\u00f3dio da Revolta da Armada, trazendo uma cr\u00edtica \u00e1cida \u00e0s ideias positivistas que imperavam na \u00e9poca.<\/p>\n<p><\/p>\n<p><img loading=\"lazy\" decoding=\"async\" class=\"alignnone wp-image-174\" src=\"https:\/\/editorabebeta.com.br\/wp-content\/uploads\/2022\/09\/Mario_de_Andrade_Autografo-1-300x68.jpg\" alt=\"\" width=\"849\" height=\"193\" srcset=\"https:\/\/editorabebeta.com.br\/wp-content\/uploads\/2022\/09\/Mario_de_Andrade_Autografo-1-300x68.jpg 300w, https:\/\/editorabebeta.com.br\/wp-content\/uploads\/2022\/09\/Mario_de_Andrade_Autografo-1-1024x232.jpg 1024w, https:\/\/editorabebeta.com.br\/wp-content\/uploads\/2022\/09\/Mario_de_Andrade_Autografo-1-768x174.jpg 768w, https:\/\/editorabebeta.com.br\/wp-content\/uploads\/2022\/09\/Mario_de_Andrade_Autografo-1-1536x347.jpg 1536w, https:\/\/editorabebeta.com.br\/wp-content\/uploads\/2022\/09\/Mario_de_Andrade_Autografo-1-2048x463.jpg 2048w\" sizes=\"auto, (max-width: 849px) 100vw, 849px\" \/><\/p>\n<p><\/p>\n<p><img loading=\"lazy\" decoding=\"async\" src=\"https:\/\/editorabebeta.com.br\/wp-content\/uploads\/2022\/09\/Macunaima-768x1024.jpg\" sizes=\"auto, (max-width: 768px) 100vw, 768px\" srcset=\"https:\/\/editorabebeta.com.br\/wp-content\/uploads\/2022\/09\/Macunaima-768x1024.jpg 768w, https:\/\/editorabebeta.com.br\/wp-content\/uploads\/2022\/09\/Macunaima-225x300.jpg 225w, https:\/\/editorabebeta.com.br\/wp-content\/uploads\/2022\/09\/Macunaima-1152x1536.jpg 1152w, https:\/\/editorabebeta.com.br\/wp-content\/uploads\/2022\/09\/Macunaima.jpg 1224w\" alt=\"\" width=\"768\" height=\"1024\"><\/p>\n<p><\/p>\n<p><em style=\"color: var( --e-global-color-text ); font-family: var( --e-global-typography-text-font-family ), Sans-serif; font-weight: var( --e-global-typography-text-font-weight ); background-color: var(--wp--preset--color--background); font-size: var(--wp--preset--font-size--medium);\">Macuna\u00edma<\/em> \u00e9 o romance \u00edcone do Modernismo brasileiro. As aventuras do \u201cher\u00f3i sem nenhum car\u00e1ter\u201d s\u00e3o encadeadas livremente sem limita\u00e7\u00f5es de tempo e espa\u00e7o, combinando temas populares, folcl\u00f3ricos e m\u00edticos em novos arranjos, caracter\u00edsticas que levaram o pr\u00f3prio M\u00e1rio de Andrade a definir sua obra como uma raps\u00f3dia. A linguagem \u00e9 plena de experimentos e aproximada da oralidade, com falas, pontua\u00e7\u00e3o e sintaxe in\u00e9ditos na literatura brasileira da \u00e9poca. Inclui ainda uma mordaz s\u00e1tira \u00e0 escrita dita culta no cap\u00edtulo \u201cCarta pras icamiabas\u201d, par\u00f3dia onde, como M\u00e1rio conta em carta de 1931, transcreve frases inteiras de Rui Barbosa e de \u201ccronistas portugueses coloniais\u201d, entre outros. Escrito em dezembro de 1926 durante seis dias de f\u00e9rias em uma ch\u00e1cara em Araraquara, o livro teve a primeira edi\u00e7\u00e3o edi\u00e7\u00e3o de 800 exemplares paga pelo autor e lan\u00e7ada em 1928.<\/p>\n\n\n<p><\/p>\n\n\n\n<h2 class=\"wp-block-heading\">Vendas: <\/h2>\n\n\n\n<p><a href=\"https:\/\/www.martinsfontespaulista.com.br\/livros\/editora-b-beta\/474?O=OrderByTopSaleDESC&amp;PS=36&amp;map=c,b,productClusterSearchableIds#1\">https:\/\/www.martinsfontespaulista.com.br\/livros\/editora-b-beta\/474?O=OrderByTopSaleDESC&amp;PS=36&amp;map=c,b,productClusterSearchableIds#1<\/a><\/p>\n","protected":false},"excerpt":{"rendered":"<p>Mem\u00f3rias p\u00f3stumas de Br\u00e1s Cubas \u00e9 o romance que inaugura o Realismo na literatura do Brasil. Lan\u00e7ado inicialmente no formato de folhetim na Revista Brasileira, foi publicado em livro em 1881, apresentando inova\u00e7\u00f5es que at\u00e9 hoje o mant\u00e9m na lista dos mais influentes romances nacionais. Narrado sem uma progress\u00e3o linear pelo \u201cdefunto autor\u201d Br\u00e1s Cubas, [&hellip;]<\/p>\n","protected":false},"author":1,"featured_media":0,"parent":0,"menu_order":0,"comment_status":"closed","ping_status":"closed","template":"","meta":{"om_disable_all_campaigns":false,"footnotes":""},"class_list":["post-144","page","type-page","status-publish","hentry"],"_links":{"self":[{"href":"https:\/\/editorabebeta.com.br\/index.php?rest_route=\/wp\/v2\/pages\/144","targetHints":{"allow":["GET"]}}],"collection":[{"href":"https:\/\/editorabebeta.com.br\/index.php?rest_route=\/wp\/v2\/pages"}],"about":[{"href":"https:\/\/editorabebeta.com.br\/index.php?rest_route=\/wp\/v2\/types\/page"}],"author":[{"embeddable":true,"href":"https:\/\/editorabebeta.com.br\/index.php?rest_route=\/wp\/v2\/users\/1"}],"replies":[{"embeddable":true,"href":"https:\/\/editorabebeta.com.br\/index.php?rest_route=%2Fwp%2Fv2%2Fcomments&post=144"}],"version-history":[{"count":25,"href":"https:\/\/editorabebeta.com.br\/index.php?rest_route=\/wp\/v2\/pages\/144\/revisions"}],"predecessor-version":[{"id":445,"href":"https:\/\/editorabebeta.com.br\/index.php?rest_route=\/wp\/v2\/pages\/144\/revisions\/445"}],"wp:attachment":[{"href":"https:\/\/editorabebeta.com.br\/index.php?rest_route=%2Fwp%2Fv2%2Fmedia&parent=144"}],"curies":[{"name":"wp","href":"https:\/\/api.w.org\/{rel}","templated":true}]}}