{"id":222,"date":"2022-09-29T21:14:02","date_gmt":"2022-09-30T00:14:02","guid":{"rendered":"http:\/\/editorabebeta.com.br\/?page_id=222"},"modified":"2023-04-05T20:30:42","modified_gmt":"2023-04-05T23:30:42","slug":"colecao-classicos-luso-brasileiros-com-capas-de-artistas-contemporaneos","status":"publish","type":"page","link":"https:\/\/editorabebeta.com.br\/?page_id=222","title":{"rendered":"Cl\u00e1ssicos luso-brasileiros   com capas de artistas contempor\u00e2neos"},"content":{"rendered":"\n<p class=\"has-text-align-right\"><a href=\"https:\/\/editorabebeta.com.br\/?page_id=337\" data-type=\"URL\" data-id=\"https:\/\/editorabebeta.com.br\/?page_id=337\">Ateli\u00eas dos artistas<\/a><\/p>\n\n\n\n<p class=\"has-text-align-right\"><a href=\"https:\/\/editorabebeta.com.br\/?page_id=359\">Audiodescri\u00e7\u00f5es das capas<\/a> <\/p>\n\n\n<h3><a href=\"https:\/\/editorabebeta.com.br\/?page_id=337\"><p><\/p>\n<style>\/*! elementor - v3.7.7 - 20-09-2022 *\/<br \/>.elementor-heading-title{padding:0;margin:0;line-height:1}.elementor-widget-heading .elementor-heading-title[class*=elementor-size-]>a{color:inherit;font-size:inherit;line-height:inherit}.elementor-widget-heading .elementor-heading-title.elementor-size-small{font-size:15px}.elementor-widget-heading .elementor-heading-title.elementor-size-medium{font-size:19px}.elementor-widget-heading .elementor-heading-title.elementor-size-large{font-size:29px}.elementor-widget-heading .elementor-heading-title.elementor-size-xl{font-size:39px}.elementor-widget-heading .elementor-heading-title.elementor-size-xxl{font-size:59px}<\/style>\n<\/a><p><a href=\"https:\/\/editorabebeta.com.br\/?page_id=337\"><\/a><\/p><\/h3>\n<p><\/p>\n<h2>A presen\u00e7a dos cl\u00e1ssicos<\/h2>\n<p>Artistas pl\u00e1sticos contempor\u00e2neos refor\u00e7am a atualidade de nove obras primas da literatura luso-brasileira. Com cintas remov\u00edveis, as capas podem ser desdobradas como uma grande tela.<\/p>\n<p><style>\/*! elementor - v3.7.7 - 20-09-2022 *\/<br \/>.elementor-widget-image{text-align:center}.elementor-widget-image a{display:inline-block}.elementor-widget-image a img[src$=\".svg\"]{width:48px}.elementor-widget-image img{vertical-align:middle;display:inline-block}<\/style>\n<\/p>\n<p><img loading=\"lazy\" decoding=\"async\" src=\"https:\/\/editorabebeta.com.br\/wp-content\/uploads\/2022\/09\/ateneu_capa1-691x1024.jpg\" sizes=\"auto, (max-width: 691px) 100vw, 691px\" srcset=\"https:\/\/editorabebeta.com.br\/wp-content\/uploads\/2022\/09\/ateneu_capa1-691x1024.jpg 691w, https:\/\/editorabebeta.com.br\/wp-content\/uploads\/2022\/09\/ateneu_capa1-202x300.jpg 202w, https:\/\/editorabebeta.com.br\/wp-content\/uploads\/2022\/09\/ateneu_capa1-768x1139.jpg 768w, https:\/\/editorabebeta.com.br\/wp-content\/uploads\/2022\/09\/ateneu_capa1-1036x1536.jpg 1036w, https:\/\/editorabebeta.com.br\/wp-content\/uploads\/2022\/09\/ateneu_capa1.jpg 1115w\" alt=\"\" width=\"691\" height=\"1024\"><\/p>\n<p><img decoding=\"async\" src=\"https:\/\/editorabebeta.com.br\/wp-content\/uploads\/2022\/09\/ateneu_capaSEMcinta1-1024x405.jpg\"><\/p>\n<p>Datado de 1888, <strong><em>O Ateneu<\/em><\/strong>, de Raul Pompeia, apresentou caracter\u00edsticas inovadoras para sua \u00e9poca, com aspectos tanto do realismo quanto do naturalismo. A capa \u00e9 de <strong>Albano Afonso<\/strong>, artista que alia a preocupa\u00e7\u00e3o est\u00e9tica com uma contundente revis\u00e3o cr\u00edtica da hist\u00f3ria da arte. Aqui ele explora imagens que aludem a uma nostalgia dos g\u00eaneros art\u00edsticos, particularmente a natureza-morta.<\/p>\n<p><\/p>\n<p style=\"text-align: center;\">*<\/p>\n<p><\/p>\n<p><img loading=\"lazy\" decoding=\"async\" style=\"color: var( --e-global-color-text ); font-family: var( --e-global-typography-text-font-family ), Sans-serif; font-weight: var( --e-global-typography-text-font-weight ); font-size: var(--wp--preset--font-size--medium); background-color: var(--wp--preset--color--background);\" src=\"https:\/\/editorabebeta.com.br\/wp-content\/uploads\/2022\/09\/alvaro_capa1-680x1024.jpg\" sizes=\"auto, (max-width: 680px) 100vw, 680px\" srcset=\"https:\/\/editorabebeta.com.br\/wp-content\/uploads\/2022\/09\/alvaro_capa1-680x1024.jpg 680w, https:\/\/editorabebeta.com.br\/wp-content\/uploads\/2022\/09\/alvaro_capa1-199x300.jpg 199w, https:\/\/editorabebeta.com.br\/wp-content\/uploads\/2022\/09\/alvaro_capa1-768x1157.jpg 768w, https:\/\/editorabebeta.com.br\/wp-content\/uploads\/2022\/09\/alvaro_capa1-1020x1536.jpg 1020w, https:\/\/editorabebeta.com.br\/wp-content\/uploads\/2022\/09\/alvaro_capa1.jpg 1098w\" alt=\"\" width=\"680\" height=\"1024\"><\/p>\n<p><img loading=\"lazy\" decoding=\"async\" style=\"color: var( --e-global-color-text ); font-family: var( --e-global-typography-text-font-family ), Sans-serif; font-weight: var( --e-global-typography-text-font-weight ); background-color: var(--wp--preset--color--background); font-size: var(--wp--preset--font-size--medium);\" src=\"https:\/\/editorabebeta.com.br\/wp-content\/uploads\/2022\/09\/alvaro_capaSEMcinta1-1024x406.jpg\" sizes=\"auto, (max-width: 1024px) 100vw, 1024px\" srcset=\"https:\/\/editorabebeta.com.br\/wp-content\/uploads\/2022\/09\/alvaro_capaSEMcinta1-1024x406.jpg 1024w, https:\/\/editorabebeta.com.br\/wp-content\/uploads\/2022\/09\/alvaro_capaSEMcinta1-300x119.jpg 300w, https:\/\/editorabebeta.com.br\/wp-content\/uploads\/2022\/09\/alvaro_capaSEMcinta1-768x305.jpg 768w, https:\/\/editorabebeta.com.br\/wp-content\/uploads\/2022\/09\/alvaro_capaSEMcinta1.jpg 1503w\" alt=\"\" width=\"1024\" height=\"406\"><\/p>\n<p>\u00c1lvaro de Campos \u00e9 um heter\u00f4nimo de <strong>Fernando Pessoa<\/strong>, que o descreveu como &#8220;o mais histericamente hist\u00e9rico de mim&#8221;. Um dos maiores poetas da l\u00edngua portuguesa de todos os tempos, Pessoa \u00e9 figura chave do modernismo.&nbsp; A capa \u00e9 de <strong>Shirley Paes Leme,<\/strong> artista que tem trabalhos em importantes acervos nacionais e internacionais. Sua obra apresenta uma conex\u00e3o direta com a poesia e a literatura.<\/p>\n<p style=\"text-align: center;\">*<\/p>\n<p><\/p>\n<p><img loading=\"lazy\" decoding=\"async\" src=\"https:\/\/editorabebeta.com.br\/wp-content\/uploads\/2022\/09\/cortico_capa1-685x1024.jpg\" sizes=\"auto, (max-width: 685px) 100vw, 685px\" srcset=\"https:\/\/editorabebeta.com.br\/wp-content\/uploads\/2022\/09\/cortico_capa1-685x1024.jpg 685w, https:\/\/editorabebeta.com.br\/wp-content\/uploads\/2022\/09\/cortico_capa1-201x300.jpg 201w, https:\/\/editorabebeta.com.br\/wp-content\/uploads\/2022\/09\/cortico_capa1-768x1148.jpg 768w, https:\/\/editorabebeta.com.br\/wp-content\/uploads\/2022\/09\/cortico_capa1-1027x1536.jpg 1027w, https:\/\/editorabebeta.com.br\/wp-content\/uploads\/2022\/09\/cortico_capa1.jpg 1105w\" alt=\"\" width=\"685\" height=\"1024\"><\/p>\n<p><img loading=\"lazy\" decoding=\"async\" style=\"color: var( --e-global-color-text ); font-family: var( --e-global-typography-text-font-family ), Sans-serif; font-weight: var( --e-global-typography-text-font-weight ); background-color: var(--wp--preset--color--background); font-size: var(--wp--preset--font-size--medium);\" src=\"https:\/\/editorabebeta.com.br\/wp-content\/uploads\/2022\/09\/cortico_capaSEMcinta1-1024x402.jpg\" sizes=\"auto, (max-width: 1024px) 100vw, 1024px\" srcset=\"https:\/\/editorabebeta.com.br\/wp-content\/uploads\/2022\/09\/cortico_capaSEMcinta1-1024x402.jpg 1024w, https:\/\/editorabebeta.com.br\/wp-content\/uploads\/2022\/09\/cortico_capaSEMcinta1-300x118.jpg 300w, https:\/\/editorabebeta.com.br\/wp-content\/uploads\/2022\/09\/cortico_capaSEMcinta1-768x301.jpg 768w, https:\/\/editorabebeta.com.br\/wp-content\/uploads\/2022\/09\/cortico_capaSEMcinta1.jpg 1519w\" alt=\"\" width=\"1024\" height=\"402\"><\/p>\n<p><em>O Corti\u00e7o<\/em>, de <strong>Alu\u00edsio Azevedo<\/strong>, \u00e9 a maior obra do naturalismo na literatura brasileira. A capa \u00e9 de <strong>Luiz Hermano<\/strong>, artista que explora v\u00e1rias t\u00e9cnicas: pintor, escultor, gravurista. No desenho, \u00e9 dono de um tra\u00e7o expressionista, forte e espont\u00e2neo.<\/p>\n<p style=\"text-align: center;\">*<\/p>\n<p><\/p>\n<p><img loading=\"lazy\" decoding=\"async\" src=\"https:\/\/editorabebeta.com.br\/wp-content\/uploads\/2022\/09\/sargentoMilicias_capa1-691x1024.jpg\" sizes=\"auto, (max-width: 691px) 100vw, 691px\" srcset=\"https:\/\/editorabebeta.com.br\/wp-content\/uploads\/2022\/09\/sargentoMilicias_capa1-691x1024.jpg 691w, https:\/\/editorabebeta.com.br\/wp-content\/uploads\/2022\/09\/sargentoMilicias_capa1-202x300.jpg 202w, https:\/\/editorabebeta.com.br\/wp-content\/uploads\/2022\/09\/sargentoMilicias_capa1-768x1139.jpg 768w, https:\/\/editorabebeta.com.br\/wp-content\/uploads\/2022\/09\/sargentoMilicias_capa1-1036x1536.jpg 1036w, https:\/\/editorabebeta.com.br\/wp-content\/uploads\/2022\/09\/sargentoMilicias_capa1.jpg 1114w\" alt=\"\" width=\"691\" height=\"1024\"><\/p>\n<p><img loading=\"lazy\" decoding=\"async\" src=\"https:\/\/editorabebeta.com.br\/wp-content\/uploads\/2022\/09\/sargentoMilicias_capaSEMcinta1-1024x404.jpg\" sizes=\"auto, (max-width: 1024px) 100vw, 1024px\" srcset=\"https:\/\/editorabebeta.com.br\/wp-content\/uploads\/2022\/09\/sargentoMilicias_capaSEMcinta1-1024x404.jpg 1024w, https:\/\/editorabebeta.com.br\/wp-content\/uploads\/2022\/09\/sargentoMilicias_capaSEMcinta1-300x118.jpg 300w, https:\/\/editorabebeta.com.br\/wp-content\/uploads\/2022\/09\/sargentoMilicias_capaSEMcinta1-768x303.jpg 768w, https:\/\/editorabebeta.com.br\/wp-content\/uploads\/2022\/09\/sargentoMilicias_capaSEMcinta1.jpg 1511w\" alt=\"\" width=\"1024\" height=\"404\"><\/p>\n<p><em>Mem\u00f3rias de um sargento de mil\u00edcias<\/em>, de <strong>Manuel Ant\u00f4nio de Almeida<\/strong>, foi publicado como folhetim semanal em um jornal carioca e \u00e9 considerado o primeiro romance urbano brasileiro. A capa \u00e9 de <strong>Paz\u00e9<\/strong>, artista-pesquisador que usou uma justaposi\u00e7\u00e3o de imagens retiradas da hist\u00f3ria da arte, de jornais, de&nbsp; gravuras do acervo da Biblioteca Nacional e desenhos originais seus.<\/p>\n<p><\/p>\n<p style=\"text-align: center;\">*<\/p>\n<p><\/p>\n<p><img loading=\"lazy\" decoding=\"async\" src=\"https:\/\/editorabebeta.com.br\/wp-content\/uploads\/2022\/09\/falencia_capa1-692x1024.jpg\" sizes=\"auto, (max-width: 692px) 100vw, 692px\" srcset=\"https:\/\/editorabebeta.com.br\/wp-content\/uploads\/2022\/09\/falencia_capa1-692x1024.jpg 692w, https:\/\/editorabebeta.com.br\/wp-content\/uploads\/2022\/09\/falencia_capa1-203x300.jpg 203w, https:\/\/editorabebeta.com.br\/wp-content\/uploads\/2022\/09\/falencia_capa1-768x1136.jpg 768w, https:\/\/editorabebeta.com.br\/wp-content\/uploads\/2022\/09\/falencia_capa1-1038x1536.jpg 1038w, https:\/\/editorabebeta.com.br\/wp-content\/uploads\/2022\/09\/falencia_capa1.jpg 1116w\" alt=\"\" width=\"692\" height=\"1024\"><\/p>\n<p><img loading=\"lazy\" decoding=\"async\" src=\"https:\/\/editorabebeta.com.br\/wp-content\/uploads\/2022\/09\/falencia_capaSEMcinta1-1024x402.jpg\" sizes=\"auto, (max-width: 1024px) 100vw, 1024px\" srcset=\"https:\/\/editorabebeta.com.br\/wp-content\/uploads\/2022\/09\/falencia_capaSEMcinta1-1024x402.jpg 1024w, https:\/\/editorabebeta.com.br\/wp-content\/uploads\/2022\/09\/falencia_capaSEMcinta1-300x118.jpg 300w, https:\/\/editorabebeta.com.br\/wp-content\/uploads\/2022\/09\/falencia_capaSEMcinta1-768x301.jpg 768w, https:\/\/editorabebeta.com.br\/wp-content\/uploads\/2022\/09\/falencia_capaSEMcinta1.jpg 1519w\" alt=\"\" width=\"1024\" height=\"402\"><\/p>\n<p><em>A fal\u00eancia<\/em> \u00e9 o romance mais destacado de <strong>J\u00falia Lopes de Almeida<\/strong>. Publicado em 1901, apresenta tra\u00e7os do realismo e do naturalismo. Escritora de sucesso na sua \u00e9poca, J\u00falia deixou uma extensa e importante obra que tem sido resgatada com justi\u00e7a no \u00faltimos anos. A capa \u00e9 de <strong>Ros\u00e2ngela Dorazio<\/strong>, artista que se interessa pela transforma\u00e7\u00e3o das matrizes, e que aqui utiliza uma fotografia com paisagem recortada e sobreposi\u00e7\u00e3o de desenho .<\/p>\n<p><\/p>\n<p style=\"text-align: center;\">*<\/p>\n<p><\/p>\n<p><img loading=\"lazy\" decoding=\"async\" class=\"alignnone  wp-image-422\" src=\"https:\/\/editorabebeta.com.br\/wp-content\/uploads\/2022\/12\/Eca-corrigido-1-202x300.jpg\" alt=\"\" width=\"313\" height=\"464\" srcset=\"https:\/\/editorabebeta.com.br\/wp-content\/uploads\/2022\/12\/Eca-corrigido-1-202x300.jpg 202w, https:\/\/editorabebeta.com.br\/wp-content\/uploads\/2022\/12\/Eca-corrigido-1-689x1024.jpg 689w, https:\/\/editorabebeta.com.br\/wp-content\/uploads\/2022\/12\/Eca-corrigido-1-768x1142.jpg 768w, https:\/\/editorabebeta.com.br\/wp-content\/uploads\/2022\/12\/Eca-corrigido-1-1033x1536.jpg 1033w, https:\/\/editorabebeta.com.br\/wp-content\/uploads\/2022\/12\/Eca-corrigido-1.jpg 1111w\" sizes=\"auto, (max-width: 313px) 100vw, 313px\" \/>&nbsp; &nbsp; &nbsp;<img loading=\"lazy\" decoding=\"async\" class=\"alignnone  wp-image-425\" src=\"https:\/\/editorabebeta.com.br\/wp-content\/uploads\/2022\/12\/Eca-corrigido-2-201x300.jpg\" alt=\"\" width=\"312\" height=\"466\" srcset=\"https:\/\/editorabebeta.com.br\/wp-content\/uploads\/2022\/12\/Eca-corrigido-2-201x300.jpg 201w, https:\/\/editorabebeta.com.br\/wp-content\/uploads\/2022\/12\/Eca-corrigido-2-687x1024.jpg 687w, https:\/\/editorabebeta.com.br\/wp-content\/uploads\/2022\/12\/Eca-corrigido-2-768x1145.jpg 768w, https:\/\/editorabebeta.com.br\/wp-content\/uploads\/2022\/12\/Eca-corrigido-2-1030x1536.jpg 1030w, https:\/\/editorabebeta.com.br\/wp-content\/uploads\/2022\/12\/Eca-corrigido-2.jpg 1109w\" sizes=\"auto, (max-width: 312px) 100vw, 312px\" \/><\/p>\n<p><img loading=\"lazy\" decoding=\"async\" src=\"https:\/\/editorabebeta.com.br\/wp-content\/uploads\/2022\/09\/maias1_capaSEMcinta1-1024x399.jpg\" sizes=\"auto, (max-width: 1024px) 100vw, 1024px\" srcset=\"https:\/\/editorabebeta.com.br\/wp-content\/uploads\/2022\/09\/maias1_capaSEMcinta1-1024x399.jpg 1024w, https:\/\/editorabebeta.com.br\/wp-content\/uploads\/2022\/09\/maias1_capaSEMcinta1-300x117.jpg 300w, https:\/\/editorabebeta.com.br\/wp-content\/uploads\/2022\/09\/maias1_capaSEMcinta1-768x299.jpg 768w, https:\/\/editorabebeta.com.br\/wp-content\/uploads\/2022\/09\/maias1_capaSEMcinta1.jpg 1531w\" alt=\"\" width=\"1024\" height=\"399\"><\/p>\n<p><em>Os Maias<\/em>, de <strong>E\u00e7a de Queir\u00f3s, <\/strong>obra-prima do realismo portugu\u00eas, acompanha quase um s\u00e9culo de uma fam\u00edlia tradicional. A capa \u00e9 de <strong>Nazareno<\/strong>, artista que lida com as sutilezas e dubiedades presentes nas rela\u00e7\u00f5es humanas e extrai significados surpreendentes replicando pequenos objetos que comp\u00f5em cenas.<\/p>\n<p><\/p>\n<p style=\"text-align: center;\">*<\/p>\n<p style=\"text-align: center;\"><img loading=\"lazy\" decoding=\"async\" src=\"https:\/\/editorabebeta.com.br\/wp-content\/uploads\/2022\/09\/isaias_capa1-690x1024.jpg\" sizes=\"auto, (max-width: 690px) 100vw, 690px\" srcset=\"https:\/\/editorabebeta.com.br\/wp-content\/uploads\/2022\/09\/isaias_capa1-690x1024.jpg 690w, https:\/\/editorabebeta.com.br\/wp-content\/uploads\/2022\/09\/isaias_capa1-202x300.jpg 202w, https:\/\/editorabebeta.com.br\/wp-content\/uploads\/2022\/09\/isaias_capa1-768x1139.jpg 768w, https:\/\/editorabebeta.com.br\/wp-content\/uploads\/2022\/09\/isaias_capa1-1035x1536.jpg 1035w, https:\/\/editorabebeta.com.br\/wp-content\/uploads\/2022\/09\/isaias_capa1.jpg 1115w\" alt=\"\" width=\"690\" height=\"1024\"><\/p>\n<p><img loading=\"lazy\" decoding=\"async\" src=\"https:\/\/editorabebeta.com.br\/wp-content\/uploads\/2022\/09\/isaias_capaSEMcinta1-1024x404.jpg\" sizes=\"auto, (max-width: 1024px) 100vw, 1024px\" srcset=\"https:\/\/editorabebeta.com.br\/wp-content\/uploads\/2022\/09\/isaias_capaSEMcinta1-1024x404.jpg 1024w, https:\/\/editorabebeta.com.br\/wp-content\/uploads\/2022\/09\/isaias_capaSEMcinta1-300x118.jpg 300w, https:\/\/editorabebeta.com.br\/wp-content\/uploads\/2022\/09\/isaias_capaSEMcinta1-768x303.jpg 768w, https:\/\/editorabebeta.com.br\/wp-content\/uploads\/2022\/09\/isaias_capaSEMcinta1.jpg 1511w\" alt=\"\" width=\"1024\" height=\"404\"><\/p>\n<p>Romance de estreia de <strong>Lima Barreto<\/strong>, publicado em 1909, <em>Recorda\u00e7\u00f5es do escriv\u00e3o Isa\u00edas Caminha<\/em> j\u00e1 exp\u00f5e os temas do racismo e exclus\u00e3o social reservada aos negros na sociedade brasileira, al\u00e9m da hipocrisia da elite e da imprensa da jovem Rep\u00fablica. A capa \u00e9 de <strong>Rosana Paulino<\/strong>, artista, educadora e pesquisadora com uma obra potente de repercuss\u00e3o internacional e que lan\u00e7a um olhar cr\u00edtico sobre a hist\u00f3ria do negro no Brasil.<\/p>\n<p><\/p>\n<p style=\"text-align: center;\">*<\/p>\n<p><\/p>\n<p><img loading=\"lazy\" decoding=\"async\" src=\"https:\/\/editorabebeta.com.br\/wp-content\/uploads\/2022\/09\/macunaima_capa1-695x1024.jpg\" sizes=\"auto, (max-width: 695px) 100vw, 695px\" srcset=\"https:\/\/editorabebeta.com.br\/wp-content\/uploads\/2022\/09\/macunaima_capa1-695x1024.jpg 695w, https:\/\/editorabebeta.com.br\/wp-content\/uploads\/2022\/09\/macunaima_capa1-204x300.jpg 204w, https:\/\/editorabebeta.com.br\/wp-content\/uploads\/2022\/09\/macunaima_capa1-768x1131.jpg 768w, https:\/\/editorabebeta.com.br\/wp-content\/uploads\/2022\/09\/macunaima_capa1-1043x1536.jpg 1043w, https:\/\/editorabebeta.com.br\/wp-content\/uploads\/2022\/09\/macunaima_capa1.jpg 1121w\" alt=\"\" width=\"695\" height=\"1024\"><\/p>\n<p><img loading=\"lazy\" decoding=\"async\" src=\"https:\/\/editorabebeta.com.br\/wp-content\/uploads\/2022\/09\/macunaima_capaSEMcinta1-1024x406.jpg\" sizes=\"auto, (max-width: 1024px) 100vw, 1024px\" srcset=\"https:\/\/editorabebeta.com.br\/wp-content\/uploads\/2022\/09\/macunaima_capaSEMcinta1-1024x406.jpg 1024w, https:\/\/editorabebeta.com.br\/wp-content\/uploads\/2022\/09\/macunaima_capaSEMcinta1-300x119.jpg 300w, https:\/\/editorabebeta.com.br\/wp-content\/uploads\/2022\/09\/macunaima_capaSEMcinta1-768x305.jpg 768w, https:\/\/editorabebeta.com.br\/wp-content\/uploads\/2022\/09\/macunaima_capaSEMcinta1.jpg 1502w\" alt=\"\" width=\"1024\" height=\"406\"><\/p>\n<p>Lan\u00e7ado em 1928, <em>Macuna\u00edma<\/em>, de <strong>M\u00e1rio de Andrade<\/strong>, \u00e9 o grande romance do modernismo brasileiro. A capa \u00e9 de <strong>Leda<\/strong> <strong>Catunda<\/strong>, que se destacou na chamada &#8220;Gera\u00e7\u00e3o 80&#8221; com a cria\u00e7\u00e3o de exuberantes pinturas figurativas realizadas com grande variedade de materiais e que desenvolveu uma &#8220;po\u00e9tica da maciez&#8221;.<\/p>\n<p><\/p>\n<p style=\"text-align: center;\">*<\/p>\n<p><\/p>\n<p><img loading=\"lazy\" decoding=\"async\" src=\"https:\/\/editorabebeta.com.br\/wp-content\/uploads\/2022\/09\/domCasmurro_capa1-679x1024.jpg\" sizes=\"auto, (max-width: 679px) 100vw, 679px\" srcset=\"https:\/\/editorabebeta.com.br\/wp-content\/uploads\/2022\/09\/domCasmurro_capa1-679x1024.jpg 679w, https:\/\/editorabebeta.com.br\/wp-content\/uploads\/2022\/09\/domCasmurro_capa1-199x300.jpg 199w, https:\/\/editorabebeta.com.br\/wp-content\/uploads\/2022\/09\/domCasmurro_capa1-768x1159.jpg 768w, https:\/\/editorabebeta.com.br\/wp-content\/uploads\/2022\/09\/domCasmurro_capa1-1018x1536.jpg 1018w, https:\/\/editorabebeta.com.br\/wp-content\/uploads\/2022\/09\/domCasmurro_capa1.jpg 1095w\" alt=\"\" width=\"679\" height=\"1024\"><\/p>\n<p><img loading=\"lazy\" decoding=\"async\" src=\"https:\/\/editorabebeta.com.br\/wp-content\/uploads\/2022\/09\/Dom_casmurroSEMcinta1-1024x399.jpg\" sizes=\"auto, (max-width: 1024px) 100vw, 1024px\" srcset=\"https:\/\/editorabebeta.com.br\/wp-content\/uploads\/2022\/09\/Dom_casmurroSEMcinta1-1024x399.jpg 1024w, https:\/\/editorabebeta.com.br\/wp-content\/uploads\/2022\/09\/Dom_casmurroSEMcinta1-300x117.jpg 300w, https:\/\/editorabebeta.com.br\/wp-content\/uploads\/2022\/09\/Dom_casmurroSEMcinta1-768x299.jpg 768w, https:\/\/editorabebeta.com.br\/wp-content\/uploads\/2022\/09\/Dom_casmurroSEMcinta1.jpg 1527w\" alt=\"\" width=\"1024\" height=\"399\"><\/p>\n<p>Considerado o maior nome da literatura brasileira, <strong>Machado de Assis<\/strong> lan\u00e7ou <em>Dom Casmurro<\/em> em 1899, grande romance de sua fase realista e que traz elementos que antecipam o modernismo. A capa \u00e9 de <strong>Sandra Cinto<\/strong>, artista destacada por uma po\u00e9tica l\u00edrica e delicada, com uma produ\u00e7\u00e3o marcada pelo desenho feito com tra\u00e7os finos e precisos.<\/p>\n<p><\/p>\n<p style=\"text-align: center;\">*<\/p>\n<h3><strong>A COLE\u00c7\u00c3O<\/strong><\/h3>\n<p>Parceria da Editora B. Beta com \u00d4Z\u00e9 Editora, a primeira tiragem desta Cole\u00e7\u00e3o foi encaminhada ao Sistema Estadual de Bibliotecas P\u00fablicas de S\u00e3o Paulo (SisEB) e disponibilizada a todas as unidades paulistas. Dire\u00e7\u00e3o editorial: Vera de S\u00e1. Curadoria de artistas: Katia Canton. Dire\u00e7\u00e3o de produ\u00e7\u00e3o: Zeco Homem de Montes. Projeto gr\u00e1fico: Raquel Matsushita.<\/p>\n\n\n<p><\/p>\n\n\n\n<figure class=\"wp-block-image size-full\"><img loading=\"lazy\" decoding=\"async\" width=\"906\" height=\"161\" src=\"https:\/\/editorabebeta.com.br\/wp-content\/uploads\/2022\/10\/image-1.png\" alt=\"\" class=\"wp-image-331\" srcset=\"https:\/\/editorabebeta.com.br\/wp-content\/uploads\/2022\/10\/image-1.png 906w, https:\/\/editorabebeta.com.br\/wp-content\/uploads\/2022\/10\/image-1-300x53.png 300w, https:\/\/editorabebeta.com.br\/wp-content\/uploads\/2022\/10\/image-1-768x136.png 768w\" sizes=\"auto, (max-width: 906px) 100vw, 906px\" \/><\/figure>\n\n\n\n<pre class=\"wp-block-verse\"><\/pre>\n\n\n\n<h2 class=\"wp-block-heading\"><\/h2>\n","protected":false},"excerpt":{"rendered":"<p>Ateli\u00eas dos artistas Audiodescri\u00e7\u00f5es das capas A presen\u00e7a dos cl\u00e1ssicos Artistas pl\u00e1sticos contempor\u00e2neos refor\u00e7am a atualidade de nove obras primas da literatura luso-brasileira. Com cintas remov\u00edveis, as capas podem ser desdobradas como uma grande tela. Datado de 1888, O Ateneu, de Raul Pompeia, apresentou caracter\u00edsticas inovadoras para sua \u00e9poca, com aspectos tanto do realismo quanto [&hellip;]<\/p>\n","protected":false},"author":1,"featured_media":0,"parent":0,"menu_order":0,"comment_status":"closed","ping_status":"closed","template":"","meta":{"om_disable_all_campaigns":false,"footnotes":""},"class_list":["post-222","page","type-page","status-publish","hentry"],"_links":{"self":[{"href":"https:\/\/editorabebeta.com.br\/index.php?rest_route=\/wp\/v2\/pages\/222","targetHints":{"allow":["GET"]}}],"collection":[{"href":"https:\/\/editorabebeta.com.br\/index.php?rest_route=\/wp\/v2\/pages"}],"about":[{"href":"https:\/\/editorabebeta.com.br\/index.php?rest_route=\/wp\/v2\/types\/page"}],"author":[{"embeddable":true,"href":"https:\/\/editorabebeta.com.br\/index.php?rest_route=\/wp\/v2\/users\/1"}],"replies":[{"embeddable":true,"href":"https:\/\/editorabebeta.com.br\/index.php?rest_route=%2Fwp%2Fv2%2Fcomments&post=222"}],"version-history":[{"count":63,"href":"https:\/\/editorabebeta.com.br\/index.php?rest_route=\/wp\/v2\/pages\/222\/revisions"}],"predecessor-version":[{"id":551,"href":"https:\/\/editorabebeta.com.br\/index.php?rest_route=\/wp\/v2\/pages\/222\/revisions\/551"}],"wp:attachment":[{"href":"https:\/\/editorabebeta.com.br\/index.php?rest_route=%2Fwp%2Fv2%2Fmedia&parent=222"}],"curies":[{"name":"wp","href":"https:\/\/api.w.org\/{rel}","templated":true}]}}