{"id":337,"date":"2022-11-17T17:45:12","date_gmt":"2022-11-17T20:45:12","guid":{"rendered":"http:\/\/editorabebeta.com.br\/?page_id=337"},"modified":"2023-06-30T13:28:10","modified_gmt":"2023-06-30T16:28:10","slug":"atelies-dos-artistas","status":"publish","type":"page","link":"https:\/\/editorabebeta.com.br\/?page_id=337","title":{"rendered":"Ateli\u00eas dos artistas"},"content":{"rendered":"\n<p><\/p>\n\n\n\n<p>A <em>Cole\u00e7\u00e3o de cl\u00e1ssicos da literatura luso-brasileira com capas de artistas pl\u00e1sticos contempor\u00e2neos<\/em> reuniu grandes nomes da cena nacional. O trabalho de cada um pode ser conferido nos v\u00eddeos abaixo.<\/p>\n\n\n\n<p>_______________________________________________________________________________________<\/p>\n\n\n\n<p><\/p>\n\n\n\n<p><strong>LEDA CATUNDA<\/strong><\/p>\n\n\n\n<p>Artista da capa de <em>Macuna\u00edma<\/em>, de M\u00e1rio de Andrade<\/p>\n\n\n\n<p><\/p>\n\n\n\n<figure class=\"wp-block-video\"><video height=\"1080\" style=\"aspect-ratio: 1920 \/ 1080;\" width=\"1920\" controls src=\"https:\/\/editorabebeta.com.br\/wp-content\/uploads\/2023\/01\/leda-com-leg-vf3_Wf65Vgb4.mp4\"><\/video><\/figure>\n\n\n\n<div style=\"width: 640px;\" class=\"wp-video\"><video class=\"wp-video-shortcode\" id=\"video-337-1\" width=\"640\" height=\"360\" preload=\"metadata\" controls=\"controls\"><source type=\"video\/mp4\" src=\"https:\/\/editorabebeta.com.br\/wp-content\/uploads\/2023\/01\/leda-com-leg-vf3_Wf65Vgb4.mp4?_=1\" \/><a href=\"https:\/\/editorabebeta.com.br\/wp-content\/uploads\/2023\/01\/leda-com-leg-vf3_Wf65Vgb4.mp4\">https:\/\/editorabebeta.com.br\/wp-content\/uploads\/2023\/01\/leda-com-leg-vf3_Wf65Vgb4.mp4<\/a><\/video><\/div>\n\n\n\n<p><\/p>\n\n\n\n<p>_______________________________________________________________________________________<\/p>\n\n\n\n<p><\/p>\n\n\n\n<p><\/p>\n\n\n\n<p><\/p>\n\n\n\n<p><\/p>\n\n\n\n<p><strong>LUIZ HERMANO<\/strong><\/p>\n\n\n\n<p>Artista da capa de <em>O Corti\u00e7o<\/em>, de Alu\u00edsio Azevedo.<\/p>\n\n\n\n<figure class=\"wp-block-video\"><video height=\"1080\" style=\"aspect-ratio: 1920 \/ 1080;\" width=\"1920\" controls src=\"https:\/\/editorabebeta.com.br\/wp-content\/uploads\/2023\/01\/Luiz-Hermano-VF-1.mp4\"><\/video><\/figure>\n\n\n\n<p>_https:\/\/editorabebeta.com.br\/wp-content\/uploads\/2023\/01\/Luiz-Hermano-VF-1.mp4<\/p>\n\n\n\n<p>______________________________________________________________________________________<\/p>\n\n\n\n<p><\/p>\n\n\n\n<p><\/p>\n\n\n\n<p><\/p>\n\n\n\n<p><strong>ROS\u00c2NGELA DORAZIO<\/strong><\/p>\n\n\n\n<p>Artista da capa de <em>A fal\u00eancia<\/em>, de J\u00falia Lopes de Almeida<\/p>\n\n\n\n<figure class=\"wp-block-video\"><video height=\"1080\" style=\"aspect-ratio: 1920 \/ 1080;\" width=\"1920\" controls src=\"https:\/\/editorabebeta.com.br\/wp-content\/uploads\/2023\/02\/dorazio-vf_mpzXUwk6.mp4\"><\/video><\/figure>\n\n\n\n<div style=\"width: 640px;\" class=\"wp-video\"><video class=\"wp-video-shortcode\" id=\"video-337-2\" width=\"640\" height=\"360\" preload=\"metadata\" controls=\"controls\"><source type=\"video\/mp4\" src=\"https:\/\/editorabebeta.com.br\/wp-content\/uploads\/2023\/02\/dorazio-vf_mpzXUwk6.mp4?_=2\" \/><a href=\"https:\/\/editorabebeta.com.br\/wp-content\/uploads\/2023\/02\/dorazio-vf_mpzXUwk6.mp4\">https:\/\/editorabebeta.com.br\/wp-content\/uploads\/2023\/02\/dorazio-vf_mpzXUwk6.mp4<\/a><\/video><\/div>\n\n\n\n<p>_____________________________________________________________________________________<\/p>\n\n\n\n<p><\/p>\n\n\n\n<p><\/p>\n\n\n\n<p><\/p>\n\n\n\n<p><\/p>\n\n\n\n<p><strong>NAZARENO<\/strong><\/p>\n\n\n\n<p>Artista da capa de <em>Os Maias<\/em>, de E\u00e7a de Queir\u00f3s<\/p>\n\n\n\n<figure class=\"wp-block-video\"><video height=\"1080\" style=\"aspect-ratio: 1920 \/ 1080;\" width=\"1920\" controls src=\"https:\/\/editorabebeta.com.br\/wp-content\/uploads\/2023\/01\/Nazareno-leg-VF3-Comprimido.mp4\"><\/video><\/figure>\n\n\n\n<div style=\"width: 640px;\" class=\"wp-video\"><video class=\"wp-video-shortcode\" id=\"video-337-3\" width=\"640\" height=\"360\" preload=\"metadata\" controls=\"controls\"><source type=\"video\/mp4\" src=\"https:\/\/editorabebeta.com.br\/wp-content\/uploads\/2023\/01\/Nazareno-leg-VF3-Comprimido.mp4?_=3\" \/><a href=\"https:\/\/editorabebeta.com.br\/wp-content\/uploads\/2023\/01\/Nazareno-leg-VF3-Comprimido.mp4\">https:\/\/editorabebeta.com.br\/wp-content\/uploads\/2023\/01\/Nazareno-leg-VF3-Comprimido.mp4<\/a><\/video><\/div>\n\n\n\n<p>_______________________________________________________________________________________<\/p>\n\n\n\n<p><\/p>\n\n\n\n<p><\/p>\n\n\n\n<p><\/p>\n\n\n\n<p><strong>SHIRLEY PAES LEME<\/strong><\/p>\n\n\n\n<p>Artista da capa de <em>Poesia de \u00c1lvaro de Campos<\/em>, de Fernando Pessoa<\/p>\n\n\n\n<figure class=\"wp-block-video\"><video height=\"720\" style=\"aspect-ratio: 1280 \/ 720;\" width=\"1280\" controls src=\"https:\/\/editorabebeta.com.br\/wp-content\/uploads\/2023\/02\/SPL-VF2-legend.mp4\"><\/video><\/figure>\n\n\n\n<div style=\"width: 640px;\" class=\"wp-video\"><video class=\"wp-video-shortcode\" id=\"video-337-4\" width=\"640\" height=\"360\" preload=\"metadata\" controls=\"controls\"><source type=\"video\/mp4\" src=\"https:\/\/editorabebeta.com.br\/wp-content\/uploads\/2023\/02\/SPL-VF2-legend.mp4?_=4\" \/><a href=\"https:\/\/editorabebeta.com.br\/wp-content\/uploads\/2023\/02\/SPL-VF2-legend.mp4\">https:\/\/editorabebeta.com.br\/wp-content\/uploads\/2023\/02\/SPL-VF2-legend.mp4<\/a><\/video><\/div>\n\n\n\n<p>___________________________________________________________________<\/p>\n\n\n\n<p><\/p>\n\n\n\n<p><\/p>\n\n\n\n<p><\/p>\n\n\n\n<p><\/p>\n\n\n\n<p><strong>PAZ\u00c9<\/strong><\/p>\n\n\n\n<p>Artista da capa de <em>Mem\u00f3rias de um sargento de mil\u00edcias<\/em>, de Manuel Antonio de Almeida<\/p>\n\n\n\n<figure class=\"wp-block-video\"><video height=\"720\" style=\"aspect-ratio: 1280 \/ 720;\" width=\"1280\" controls src=\"https:\/\/editorabebeta.com.br\/wp-content\/uploads\/2023\/02\/Rosana-Paulino-VF-Leg-1.mp4\"><\/video><\/figure>\n\n\n\n<div class=\"wp-block-media-text alignwide is-stacked-on-mobile\"><figure class=\"wp-block-media-text__media\"><\/figure><div class=\"wp-block-media-text__content\">\n<p><\/p>\n<\/div><\/div>\n\n\n\n<p>_______________________________________________________________________________________https:\/\/editorabebeta.com.br\/wp-content\/uploads\/2023\/02\/PAZE-VF-Comp-legend.mp4<\/p>\n\n\n\n<p><\/p>\n\n\n\n<p><\/p>\n\n\n\n<p><\/p>\n\n\n\n<p><\/p>\n\n\n\n<p><strong>SANDRA CINTO<\/strong><\/p>\n\n\n\n<p>Artista da capa de <em>Dom Casmurro<\/em>, de Machado de Assis<\/p>\n\n\n\n<figure class=\"wp-block-video\"><video height=\"1080\" style=\"aspect-ratio: 1920 \/ 1080;\" width=\"1920\" controls src=\"https:\/\/editorabebeta.com.br\/wp-content\/uploads\/2023\/03\/SC-VF4-leg.mp4\"><\/video><\/figure>\n\n\n\n<div class=\"wp-block-media-text alignwide is-stacked-on-mobile\"><figure class=\"wp-block-media-text__media\"><\/figure><div class=\"wp-block-media-text__content\">\n<p><\/p>\n<\/div><\/div>\n\n\n\n<p>_______________________________________________________________________________________<\/p>\n\n\n\n<p><\/p>\n\n\n\n<p><\/p>\n\n\n\n<p><\/p>\n\n\n\n<p><\/p>\n\n\n\n<p><strong>ROSANA PAULINO<\/strong><\/p>\n\n\n\n<p>Artista da capa de <em>Recorda\u00e7\u00f5es do escriv\u00e3o Isa\u00edas Caminha<\/em>, de Lima Barreto<\/p>\n\n\n\n<figure class=\"wp-block-video\"><video height=\"720\" style=\"aspect-ratio: 1280 \/ 720;\" width=\"1280\" controls src=\"https:\/\/editorabebeta.com.br\/wp-content\/uploads\/2023\/02\/PAZE-VF-Comp-legend-1.mp4\"><\/video><figcaption class=\"wp-element-caption\"><br><\/figcaption><\/figure>\n\n\n\n<div class=\"wp-block-media-text alignwide is-stacked-on-mobile\"><figure class=\"wp-block-media-text__media\"><\/figure><div class=\"wp-block-media-text__content\">\n<p><\/p>\n<\/div><\/div>\n\n\n\n<p>_______________________________________________________________________________________<\/p>\n\n\n\n<p><\/p>\n\n\n\n<p><\/p>\n\n\n\n<p><strong>ALBANO AFONSO<\/strong><\/p>\n\n\n\n<p>Artista da capa de <em>O Ateneu,<\/em> de Raul Pomp\u00e9ia<\/p>\n\n\n\n<figure class=\"wp-block-video\"><video height=\"720\" style=\"aspect-ratio: 1280 \/ 720;\" width=\"1280\" controls src=\"https:\/\/editorabebeta.com.br\/wp-content\/uploads\/2023\/04\/A-Afonso-legendado.mp4\"><\/video><\/figure>\n\n\n","protected":false},"excerpt":{"rendered":"<p>A Cole\u00e7\u00e3o de cl\u00e1ssicos da literatura luso-brasileira com capas de artistas pl\u00e1sticos contempor\u00e2neos reuniu grandes nomes da cena nacional. O trabalho de cada um pode ser conferido nos v\u00eddeos abaixo. _______________________________________________________________________________________ LEDA CATUNDA Artista da capa de Macuna\u00edma, de M\u00e1rio de Andrade https:\/\/editorabebeta.com.br\/wp-content\/uploads\/2023\/01\/leda-com-leg-vf3_Wf65Vgb4.mp4 _______________________________________________________________________________________ LUIZ HERMANO Artista da capa de O Corti\u00e7o, de Alu\u00edsio Azevedo. [&hellip;]<\/p>\n","protected":false},"author":1,"featured_media":0,"parent":0,"menu_order":0,"comment_status":"closed","ping_status":"closed","template":"","meta":{"om_disable_all_campaigns":false,"footnotes":""},"class_list":["post-337","page","type-page","status-publish","hentry"],"_links":{"self":[{"href":"https:\/\/editorabebeta.com.br\/index.php?rest_route=\/wp\/v2\/pages\/337","targetHints":{"allow":["GET"]}}],"collection":[{"href":"https:\/\/editorabebeta.com.br\/index.php?rest_route=\/wp\/v2\/pages"}],"about":[{"href":"https:\/\/editorabebeta.com.br\/index.php?rest_route=\/wp\/v2\/types\/page"}],"author":[{"embeddable":true,"href":"https:\/\/editorabebeta.com.br\/index.php?rest_route=\/wp\/v2\/users\/1"}],"replies":[{"embeddable":true,"href":"https:\/\/editorabebeta.com.br\/index.php?rest_route=%2Fwp%2Fv2%2Fcomments&post=337"}],"version-history":[{"count":38,"href":"https:\/\/editorabebeta.com.br\/index.php?rest_route=\/wp\/v2\/pages\/337\/revisions"}],"predecessor-version":[{"id":563,"href":"https:\/\/editorabebeta.com.br\/index.php?rest_route=\/wp\/v2\/pages\/337\/revisions\/563"}],"wp:attachment":[{"href":"https:\/\/editorabebeta.com.br\/index.php?rest_route=%2Fwp%2Fv2%2Fmedia&parent=337"}],"curies":[{"name":"wp","href":"https:\/\/api.w.org\/{rel}","templated":true}]}}