{"id":348,"date":"2022-12-06T08:58:47","date_gmt":"2022-12-06T11:58:47","guid":{"rendered":"http:\/\/editorabebeta.com.br\/?page_id=348"},"modified":"2023-06-01T09:04:31","modified_gmt":"2023-06-01T12:04:31","slug":"inicio","status":"publish","type":"page","link":"https:\/\/editorabebeta.com.br\/","title":{"rendered":"EDITORA B. BETA"},"content":{"rendered":"<p><a href=\"https:\/\/editorabebeta.com.br\/?page_id=144\">S\u00e9rie artesanal <\/a><\/p>\n<p><a href=\"https:\/\/editorabebeta.com.br\/?page_id=222\">Cl\u00e1ssicos com capas de artistas contempor\u00e2neos\u00a0<\/a> \u00a0\u00a0<\/p>\n<p><a href=\"https:\/\/editorabebeta.com.br\/?page_id=465\">Contato<\/a><\/p>\n<p>\u00a0<\/p>\n<p><style>\/*! elementor - v3.7.7 - 20-09-2022 *\/<br \/>\n.elementor-heading-title{padding:0;margin:0;line-height:1}.elementor-widget-heading .elementor-heading-title[class*=elementor-size-]>a{color:inherit;font-size:inherit;line-height:inherit}.elementor-widget-heading .elementor-heading-title.elementor-size-small{font-size:15px}.elementor-widget-heading .elementor-heading-title.elementor-size-medium{font-size:19px}.elementor-widget-heading .elementor-heading-title.elementor-size-large{font-size:29px}.elementor-widget-heading .elementor-heading-title.elementor-size-xl{font-size:39px}.elementor-widget-heading .elementor-heading-title.elementor-size-xxl{font-size:59px}<\/style><\/p>\n<h4>A Editora B. Beta apresenta cl\u00e1ssicos da literatura brasileira e portuguesa em duas cole\u00e7\u00f5es de arte \u00fanicas.<\/h4>\n<p>A S\u00e9rie Artesanal traz obras fundamentais de autores brasileiros em edi\u00e7\u00e3o especial de tiragem reduzida. Com projeto gr\u00e1fico exclusivo, capa dura revestida de tecido e com detalhes em baixo relevo, confeccionada e impressa \u00e0 m\u00e3o, refor\u00e7a o prazer da leitura de uma grande obra.\u00a0<em>Mem\u00f3rias p\u00f3stumas de Br\u00e1s Cubas<\/em>, de Machado de Assis,\u00a0<em>Triste fim de Policarpo Quaresma<\/em>, de Lima Barreto, e\u00a0<em>Macuna\u00edma<\/em>, de M\u00e1rio de Andrade, s\u00e3o os t\u00edtulos dispon\u00edveis.<\/p>\n<p><img loading=\"lazy\" decoding=\"async\" src=\"https:\/\/editorabebeta.com.br\/wp-content\/uploads\/2022\/09\/Lombada-LB-576x1024.jpg\" sizes=\"auto, (max-width: 576px) 100vw, 576px\" srcset=\"https:\/\/editorabebeta.com.br\/wp-content\/uploads\/2022\/09\/Lombada-LB-576x1024.jpg 576w, https:\/\/editorabebeta.com.br\/wp-content\/uploads\/2022\/09\/Lombada-LB-169x300.jpg 169w, https:\/\/editorabebeta.com.br\/wp-content\/uploads\/2022\/09\/Lombada-LB-768x1365.jpg 768w, https:\/\/editorabebeta.com.br\/wp-content\/uploads\/2022\/09\/Lombada-LB-864x1536.jpg 864w, https:\/\/editorabebeta.com.br\/wp-content\/uploads\/2022\/09\/Lombada-LB-1152x2048.jpg 1152w, https:\/\/editorabebeta.com.br\/wp-content\/uploads\/2022\/09\/Lombada-LB.jpg 1440w\" alt=\"\" width=\"576\" height=\"1024\" \/><\/p>\n<p>\u00a0<\/p>\n<p>A S\u00e9rie\u00a0<em>Cl\u00e1ssicos da literatura luso-brasileira<\/em> tem parceria com grandes artistas contempor\u00e2neos. S\u00e3o nove t\u00edtulos, projeto gr\u00e1fico especial e capas que se abrem como telas, assinadas por renomados artistas pl\u00e1sticos. Projeto realizado em parceria com a \u00d4Z\u00e9 Editora e contemplado pelo Proa<\/p>\n\n\n<p><\/p>\n\n\n\n<p class=\"has-text-align-right\"><a href=\"https:\/\/editorabebeta.com.br\/?page_id=117\" data-type=\"URL\" data-id=\"https:\/\/editorabebeta.com.br\/?page_id=117\">Pol\u00edtica de privacidade<\/a><\/p>\n\n\n\n<p><a>\ufeff<\/a><\/p>\n\n\n\n<p><\/p>\n\n\n\n<p><\/p>\n\n\n\n<p><\/p>\n\n\n\n<div class=\"wp-block-group is-nowrap is-layout-flex wp-container-core-group-is-layout-6c531013 wp-block-group-is-layout-flex\"><\/div>\n\n\n\n<h2 class=\"wp-block-heading\"><\/h2>\n\n\n<nav class=\"is-responsive wp-block-navigation is-layout-flex wp-block-navigation-is-layout-flex\" aria-label=\"Header navigation\" \n\t\t data-wp-interactive=\"core\/navigation\" data-wp-context='{\"overlayOpenedBy\":{\"click\":false,\"hover\":false,\"focus\":false},\"type\":\"overlay\",\"roleAttribute\":\"\",\"ariaLabel\":\"Menu\"}'><button aria-haspopup=\"dialog\" aria-label=\"Abrir menu\" class=\"wp-block-navigation__responsive-container-open\" \n\t\t\t\tdata-wp-on--click=\"actions.openMenuOnClick\"\n\t\t\t\tdata-wp-on--keydown=\"actions.handleMenuKeydown\"\n\t\t\t><svg width=\"24\" height=\"24\" xmlns=\"http:\/\/www.w3.org\/2000\/svg\" viewBox=\"0 0 24 24\" aria-hidden=\"true\" focusable=\"false\"><path d=\"M4 7.5h16v1.5H4z\"><\/path><path d=\"M4 15h16v1.5H4z\"><\/path><\/svg><\/button>\n\t\t\t\t<div class=\"wp-block-navigation__responsive-container\"  id=\"modal-1\" \n\t\t\t\tdata-wp-class--has-modal-open=\"state.isMenuOpen\"\n\t\t\t\tdata-wp-class--is-menu-open=\"state.isMenuOpen\"\n\t\t\t\tdata-wp-watch=\"callbacks.initMenu\"\n\t\t\t\tdata-wp-on--keydown=\"actions.handleMenuKeydown\"\n\t\t\t\tdata-wp-on--focusout=\"actions.handleMenuFocusout\"\n\t\t\t\ttabindex=\"-1\"\n\t\t\t>\n\t\t\t\t\t<div class=\"wp-block-navigation__responsive-close\" tabindex=\"-1\">\n\t\t\t\t\t\t<div class=\"wp-block-navigation__responsive-dialog\" \n\t\t\t\tdata-wp-bind--aria-modal=\"state.ariaModal\"\n\t\t\t\tdata-wp-bind--aria-label=\"state.ariaLabel\"\n\t\t\t\tdata-wp-bind--role=\"state.roleAttribute\"\n\t\t\t>\n\t\t\t\t\t\t\t<button aria-label=\"Fechar menu\" class=\"wp-block-navigation__responsive-container-close\" \n\t\t\t\tdata-wp-on--click=\"actions.closeMenuOnClick\"\n\t\t\t><svg xmlns=\"http:\/\/www.w3.org\/2000\/svg\" viewBox=\"0 0 24 24\" width=\"24\" height=\"24\" aria-hidden=\"true\" focusable=\"false\"><path d=\"m13.06 12 6.47-6.47-1.06-1.06L12 10.94 5.53 4.47 4.47 5.53 10.94 12l-6.47 6.47 1.06 1.06L12 13.06l6.47 6.47 1.06-1.06L13.06 12Z\"><\/path><\/svg><\/button>\n\t\t\t\t\t\t\t<div class=\"wp-block-navigation__responsive-container-content\" \n\t\t\t\tdata-wp-watch=\"callbacks.focusFirstElement\"\n\t\t\t id=\"modal-1-content\">\n\t\t\t\t\t\t\t\t\n\t\t\t\t\t\t\t<\/div>\n\t\t\t\t\t\t<\/div>\n\t\t\t\t\t<\/div>\n\t\t\t\t<\/div><\/nav>\n\n<nav class=\"is-responsive wp-block-navigation is-layout-flex wp-block-navigation-is-layout-flex\" aria-label=\"Header navigation 2\" \n\t\t data-wp-interactive=\"core\/navigation\" data-wp-context='{\"overlayOpenedBy\":{\"click\":false,\"hover\":false,\"focus\":false},\"type\":\"overlay\",\"roleAttribute\":\"\",\"ariaLabel\":\"Menu\"}'><button aria-haspopup=\"dialog\" aria-label=\"Abrir menu\" class=\"wp-block-navigation__responsive-container-open\" \n\t\t\t\tdata-wp-on--click=\"actions.openMenuOnClick\"\n\t\t\t\tdata-wp-on--keydown=\"actions.handleMenuKeydown\"\n\t\t\t><svg width=\"24\" height=\"24\" xmlns=\"http:\/\/www.w3.org\/2000\/svg\" viewBox=\"0 0 24 24\" aria-hidden=\"true\" focusable=\"false\"><path d=\"M4 7.5h16v1.5H4z\"><\/path><path d=\"M4 15h16v1.5H4z\"><\/path><\/svg><\/button>\n\t\t\t\t<div class=\"wp-block-navigation__responsive-container\"  id=\"modal-2\" \n\t\t\t\tdata-wp-class--has-modal-open=\"state.isMenuOpen\"\n\t\t\t\tdata-wp-class--is-menu-open=\"state.isMenuOpen\"\n\t\t\t\tdata-wp-watch=\"callbacks.initMenu\"\n\t\t\t\tdata-wp-on--keydown=\"actions.handleMenuKeydown\"\n\t\t\t\tdata-wp-on--focusout=\"actions.handleMenuFocusout\"\n\t\t\t\ttabindex=\"-1\"\n\t\t\t>\n\t\t\t\t\t<div class=\"wp-block-navigation__responsive-close\" tabindex=\"-1\">\n\t\t\t\t\t\t<div class=\"wp-block-navigation__responsive-dialog\" \n\t\t\t\tdata-wp-bind--aria-modal=\"state.ariaModal\"\n\t\t\t\tdata-wp-bind--aria-label=\"state.ariaLabel\"\n\t\t\t\tdata-wp-bind--role=\"state.roleAttribute\"\n\t\t\t>\n\t\t\t\t\t\t\t<button aria-label=\"Fechar menu\" class=\"wp-block-navigation__responsive-container-close\" \n\t\t\t\tdata-wp-on--click=\"actions.closeMenuOnClick\"\n\t\t\t><svg xmlns=\"http:\/\/www.w3.org\/2000\/svg\" viewBox=\"0 0 24 24\" width=\"24\" height=\"24\" aria-hidden=\"true\" focusable=\"false\"><path d=\"m13.06 12 6.47-6.47-1.06-1.06L12 10.94 5.53 4.47 4.47 5.53 10.94 12l-6.47 6.47 1.06 1.06L12 13.06l6.47 6.47 1.06-1.06L13.06 12Z\"><\/path><\/svg><\/button>\n\t\t\t\t\t\t\t<div class=\"wp-block-navigation__responsive-container-content\" \n\t\t\t\tdata-wp-watch=\"callbacks.focusFirstElement\"\n\t\t\t id=\"modal-2-content\">\n\t\t\t\t\t\t\t\t\n\t\t\t\t\t\t\t<\/div>\n\t\t\t\t\t\t<\/div>\n\t\t\t\t\t<\/div>\n\t\t\t\t<\/div><\/nav>","protected":false},"excerpt":{"rendered":"<p>S\u00e9rie artesanal Cl\u00e1ssicos com capas de artistas contempor\u00e2neos\u00a0 \u00a0\u00a0 Contato \u00a0 A Editora B. Beta apresenta cl\u00e1ssicos da literatura brasileira e portuguesa em duas cole\u00e7\u00f5es de arte \u00fanicas. A S\u00e9rie Artesanal traz obras fundamentais de autores brasileiros em edi\u00e7\u00e3o especial de tiragem reduzida. Com projeto gr\u00e1fico exclusivo, capa dura revestida de tecido e com detalhes [&hellip;]<\/p>\n","protected":false},"author":1,"featured_media":0,"parent":0,"menu_order":0,"comment_status":"closed","ping_status":"closed","template":"","meta":{"om_disable_all_campaigns":false,"footnotes":""},"class_list":["post-348","page","type-page","status-publish","hentry"],"_links":{"self":[{"href":"https:\/\/editorabebeta.com.br\/index.php?rest_route=\/wp\/v2\/pages\/348","targetHints":{"allow":["GET"]}}],"collection":[{"href":"https:\/\/editorabebeta.com.br\/index.php?rest_route=\/wp\/v2\/pages"}],"about":[{"href":"https:\/\/editorabebeta.com.br\/index.php?rest_route=\/wp\/v2\/types\/page"}],"author":[{"embeddable":true,"href":"https:\/\/editorabebeta.com.br\/index.php?rest_route=\/wp\/v2\/users\/1"}],"replies":[{"embeddable":true,"href":"https:\/\/editorabebeta.com.br\/index.php?rest_route=%2Fwp%2Fv2%2Fcomments&post=348"}],"version-history":[{"count":22,"href":"https:\/\/editorabebeta.com.br\/index.php?rest_route=\/wp\/v2\/pages\/348\/revisions"}],"predecessor-version":[{"id":554,"href":"https:\/\/editorabebeta.com.br\/index.php?rest_route=\/wp\/v2\/pages\/348\/revisions\/554"}],"wp:attachment":[{"href":"https:\/\/editorabebeta.com.br\/index.php?rest_route=%2Fwp%2Fv2%2Fmedia&parent=348"}],"curies":[{"name":"wp","href":"https:\/\/api.w.org\/{rel}","templated":true}]}}