{"id":359,"date":"2022-12-06T13:56:17","date_gmt":"2022-12-06T16:56:17","guid":{"rendered":"http:\/\/editorabebeta.com.br\/?page_id=359"},"modified":"2022-12-11T18:56:36","modified_gmt":"2022-12-11T21:56:36","slug":"colecao-classicos","status":"publish","type":"page","link":"https:\/\/editorabebeta.com.br\/?page_id=359","title":{"rendered":"Audiodescri\u00e7\u00f5es das Capas"},"content":{"rendered":"<h3><strong><span style=\"color: #993300;\">AUDIODESCRI\u00c7\u00d5ES DAS CAPAS<\/span><\/strong><\/h3>\n<p><\/p>\n<p><span style=\"color: #993366;\">MEM\u00d3RIAS DE UM SARGENTO DE MIL\u00cdCIAS<\/span><\/p>\n<audio class=\"wp-audio-shortcode\" id=\"audio-359-1\" preload=\"none\" style=\"width: 100%;\" controls=\"controls\"><source type=\"audio\/mpeg\" src=\"https:\/\/editorabebeta.com.br\/wp-content\/uploads\/2022\/10\/Memorias-de-um-sargento-de-milicias.mp3?_=1\" \/><a href=\"https:\/\/editorabebeta.com.br\/wp-content\/uploads\/2022\/10\/Memorias-de-um-sargento-de-milicias.mp3\">https:\/\/editorabebeta.com.br\/wp-content\/uploads\/2022\/10\/Memorias-de-um-sargento-de-milicias.mp3<\/a><\/audio>\n<p><\/p>\n<p><span style=\"color: #993366;\">DOM CASMURRO<\/span><\/p>\n\n\n<figure class=\"wp-block-audio\"><audio controls src=\"https:\/\/editorabebeta.com.br\/wp-content\/uploads\/2022\/10\/Dom-Casmurro-1.mp3\"><\/audio><\/figure>\n\n\n<p><\/p>\n<p><span style=\"color: #993366;\">OS MAIAS<\/span><\/p>\n<audio class=\"wp-audio-shortcode\" id=\"audio-359-2\" preload=\"none\" style=\"width: 100%;\" controls=\"controls\"><source type=\"audio\/mpeg\" src=\"https:\/\/editorabebeta.com.br\/wp-content\/uploads\/2022\/10\/Os-Maias-2.mp3?_=2\" \/><a href=\"https:\/\/editorabebeta.com.br\/wp-content\/uploads\/2022\/10\/Os-Maias-2.mp3\">https:\/\/editorabebeta.com.br\/wp-content\/uploads\/2022\/10\/Os-Maias-2.mp3<\/a><\/audio>\n\n\n<p><\/p>\n\n\n\n<p><\/p>\n\n\n\n<p>O CORTI\u00c7O<\/p>\n\n\n\n<figure class=\"wp-block-audio\"><audio controls src=\"https:\/\/editorabebeta.com.br\/wp-content\/uploads\/2022\/10\/O-cortico-1.mp3\"><\/audio><\/figure>\n\n\n\n<p><\/p>\n\n\n\n<p>A FAL\u00caNCIA<\/p>\n\n\n\n<figure class=\"wp-block-audio\"><audio controls src=\"https:\/\/editorabebeta.com.br\/wp-content\/uploads\/2022\/10\/A-falencia-1.mp3\"><\/audio><\/figure>\n\n\n\n<p><\/p>\n\n\n\n<p>O ATENEU<\/p>\n\n\n\n<figure class=\"wp-block-audio\"><audio controls src=\"https:\/\/editorabebeta.com.br\/wp-content\/uploads\/2022\/10\/O-Ateneu-1.mp3\"><\/audio><\/figure>\n\n\n<p>\u00a0<\/p>\n<p><span style=\"color: #993366;\">RECORDA\u00c7\u00d5ES DO ESCRIV\u00c3O ISA\u00cdAS CAMINHA<\/span><\/p>\n<audio class=\"wp-audio-shortcode\" id=\"audio-359-3\" preload=\"none\" style=\"width: 100%;\" controls=\"controls\"><source type=\"audio\/mpeg\" src=\"https:\/\/editorabebeta.com.br\/wp-content\/uploads\/2022\/10\/Recordacoes-do-escrivao-Isaias-Caminha-1.mp3?_=3\" \/><a href=\"https:\/\/editorabebeta.com.br\/wp-content\/uploads\/2022\/10\/Recordacoes-do-escrivao-Isaias-Caminha-1.mp3\">https:\/\/editorabebeta.com.br\/wp-content\/uploads\/2022\/10\/Recordacoes-do-escrivao-Isaias-Caminha-1.mp3<\/a><\/audio>\n<p>\u00a0<\/p>\n<p><span style=\"color: #993366;\">POESIAS DE \u00c1LVARO DE CAMPOS<\/span><\/p>\n<audio class=\"wp-audio-shortcode\" id=\"audio-359-4\" preload=\"none\" style=\"width: 100%;\" controls=\"controls\"><source type=\"audio\/mpeg\" src=\"https:\/\/editorabebeta.com.br\/wp-content\/uploads\/2022\/10\/Poesias-de-Alvaro-de-Campos.mp3?_=4\" \/><a href=\"https:\/\/editorabebeta.com.br\/wp-content\/uploads\/2022\/10\/Poesias-de-Alvaro-de-Campos.mp3\">https:\/\/editorabebeta.com.br\/wp-content\/uploads\/2022\/10\/Poesias-de-Alvaro-de-Campos.mp3<\/a><\/audio>\n<p>\u00a0<\/p>\n<p><span style=\"color: #993366;\">MACUNA\u00cdMA, O HER\u00d3I SEM NENHUM CAR\u00c1TER<\/span><\/p>\n<audio class=\"wp-audio-shortcode\" id=\"audio-359-5\" preload=\"none\" style=\"width: 100%;\" controls=\"controls\"><source type=\"audio\/mpeg\" src=\"https:\/\/editorabebeta.com.br\/wp-content\/uploads\/2022\/10\/Macunaima.mp3?_=5\" \/><a href=\"https:\/\/editorabebeta.com.br\/wp-content\/uploads\/2022\/10\/Macunaima.mp3\">https:\/\/editorabebeta.com.br\/wp-content\/uploads\/2022\/10\/Macunaima.mp3<\/a><\/audio>\n<p>\u00a0<\/p>\n<p class=\"Normal tm5\"><em><span class=\"tm7\">COLE\u00c7\u00c3O DE CL\u00c1SSICOS DA LITERATURA LUSO-BRASILEIRA COM CAPAS DE ARTISTAS PL\u00c1STICOS CONTEMPOR\u00c2NEOS <\/span><\/em><span class=\"tm6\">\u00e9 um projeto contemplado com o PROAC Direto.<\/span><\/p>\n<p class=\"Normal tm5\" style=\"text-align: center;\"><span class=\"tm6\">2022\u00a0<a id=\"aGoBack\"><\/a><\/span><\/p>\n\n\n<figure class=\"wp-block-image size-full\"><img loading=\"lazy\" decoding=\"async\" width=\"906\" height=\"161\" src=\"https:\/\/editorabebeta.com.br\/wp-content\/uploads\/2022\/10\/image-1.png\" alt=\"\" class=\"wp-image-331\" srcset=\"https:\/\/editorabebeta.com.br\/wp-content\/uploads\/2022\/10\/image-1.png 906w, https:\/\/editorabebeta.com.br\/wp-content\/uploads\/2022\/10\/image-1-300x53.png 300w, https:\/\/editorabebeta.com.br\/wp-content\/uploads\/2022\/10\/image-1-768x136.png 768w\" sizes=\"auto, (max-width: 906px) 100vw, 906px\" \/><\/figure>\n","protected":false},"excerpt":{"rendered":"<p>AUDIODESCRI\u00c7\u00d5ES DAS CAPAS MEM\u00d3RIAS DE UM SARGENTO DE MIL\u00cdCIAS DOM CASMURRO OS MAIAS O CORTI\u00c7O A FAL\u00caNCIA O ATENEU \u00a0 RECORDA\u00c7\u00d5ES DO ESCRIV\u00c3O ISA\u00cdAS CAMINHA \u00a0 POESIAS DE \u00c1LVARO DE CAMPOS \u00a0 MACUNA\u00cdMA, O HER\u00d3I SEM NENHUM CAR\u00c1TER \u00a0 COLE\u00c7\u00c3O DE CL\u00c1SSICOS DA LITERATURA LUSO-BRASILEIRA COM CAPAS DE ARTISTAS PL\u00c1STICOS CONTEMPOR\u00c2NEOS \u00e9 um projeto contemplado [&hellip;]<\/p>\n","protected":false},"author":1,"featured_media":0,"parent":0,"menu_order":0,"comment_status":"closed","ping_status":"closed","template":"","meta":{"om_disable_all_campaigns":false,"footnotes":""},"class_list":["post-359","page","type-page","status-publish","hentry"],"_links":{"self":[{"href":"https:\/\/editorabebeta.com.br\/index.php?rest_route=\/wp\/v2\/pages\/359","targetHints":{"allow":["GET"]}}],"collection":[{"href":"https:\/\/editorabebeta.com.br\/index.php?rest_route=\/wp\/v2\/pages"}],"about":[{"href":"https:\/\/editorabebeta.com.br\/index.php?rest_route=\/wp\/v2\/types\/page"}],"author":[{"embeddable":true,"href":"https:\/\/editorabebeta.com.br\/index.php?rest_route=\/wp\/v2\/users\/1"}],"replies":[{"embeddable":true,"href":"https:\/\/editorabebeta.com.br\/index.php?rest_route=%2Fwp%2Fv2%2Fcomments&post=359"}],"version-history":[{"count":4,"href":"https:\/\/editorabebeta.com.br\/index.php?rest_route=\/wp\/v2\/pages\/359\/revisions"}],"predecessor-version":[{"id":456,"href":"https:\/\/editorabebeta.com.br\/index.php?rest_route=\/wp\/v2\/pages\/359\/revisions\/456"}],"wp:attachment":[{"href":"https:\/\/editorabebeta.com.br\/index.php?rest_route=%2Fwp%2Fv2%2Fmedia&parent=359"}],"curies":[{"name":"wp","href":"https:\/\/api.w.org\/{rel}","templated":true}]}}